{"id":37,"date":"2016-07-17T16:07:05","date_gmt":"2016-07-17T14:07:05","guid":{"rendered":"http:\/\/alphons-custodis.de\/?page_id=37"},"modified":"2016-07-17T16:10:51","modified_gmt":"2016-07-17T14:10:51","slug":"impressum","status":"publish","type":"page","link":"https:\/\/alphons-custodis.de\/index.php\/impressum\/","title":{"rendered":"Impressum"},"content":{"rendered":"<h2>Angaben gem\u00e4\u00df \u00a7 5 TMG:<\/h2>\n<p>Alphons Custodis GmbH &amp; CO. KG<br \/>\nM\u00fcnsterstr. 359<br \/>\n40470 D\u00fcsseldorf<\/p>\n<h2>Vertreten durch:<\/h2>\n<p>vertreten durch die Kommandisten-GmbH, die ihrerseits vertreten wird durch die Gesch\u00e4ftsf\u00fchrer der GmbH<\/p>\n<h2>Kontakt:<\/h2>\n<table>\n<tbody>\n<tr>\n<td>E-Mail:<\/td>\n<td>info@alphons-custodis.de<\/td>\n<\/tr>\n<\/tbody>\n<\/table>\n<p>Quelle:\u00a0<em><a href=\"https:\/\/www.e-recht24.de\/\">eRecht24<\/a><\/em><\/p>\n<h1>Haftungsausschluss (Disclaimer)<\/h1>\n<p><strong>Haftung f\u00fcr Inhalte<\/strong><\/p>\n<p>Als Diensteanbieter sind wir gem\u00e4\u00df \u00a7 7 Abs.1 TMG f\u00fcr eigene Inhalte auf diesen Seiten nach den allgemeinen Gesetzen verantwortlich. Nach \u00a7\u00a7 8 bis 10 TMG sind wir als Diensteanbieter jedoch nicht verpflichtet, \u00fcbermittelte oder gespeicherte fremde Informationen zu \u00fcberwachen oder nach Umst\u00e4nden zu forschen, die auf eine rechtswidrige T\u00e4tigkeit hinweisen. Verpflichtungen zur Entfernung oder Sperrung der Nutzung von Informationen nach den allgemeinen Gesetzen bleiben hiervon unber\u00fchrt. Eine diesbez\u00fcgliche Haftung ist jedoch erst ab dem Zeitpunkt der Kenntnis einer konkreten Rechtsverletzung m\u00f6glich. Bei Bekanntwerden von entsprechenden Rechtsverletzungen werden wir diese Inhalte umgehend entfernen.<\/p>\n<p><strong>Haftung f\u00fcr Links<\/strong><\/p>\n<p>Unser Angebot enth\u00e4lt Links zu externen Webseiten Dritter, auf deren Inhalte wir keinen Einfluss haben. Deshalb k\u00f6nnen wir f\u00fcr diese fremden Inhalte auch keine Gew\u00e4hr \u00fcbernehmen. F\u00fcr die Inhalte der verlinkten Seiten ist stets der jeweilige Anbieter oder Betreiber der Seiten verantwortlich. Die verlinkten Seiten wurden zum Zeitpunkt der Verlinkung auf m\u00f6gliche Rechtsverst\u00f6\u00dfe \u00fcberpr\u00fcft. Rechtswidrige Inhalte waren zum Zeitpunkt der Verlinkung nicht erkennbar. Eine permanente inhaltliche Kontrolle der verlinkten Seiten ist jedoch ohne konkrete Anhaltspunkte einer Rechtsverletzung nicht zumutbar. Bei Bekanntwerden von Rechtsverletzungen werden wir derartige Links umgehend entfernen.<\/p>\n<p><strong>Urheberrecht<\/strong><\/p>\n<p>Die durch die Seitenbetreiber erstellten Inhalte und Werke auf diesen Seiten unterliegen dem deutschen Urheberrecht. Die Vervielf\u00e4ltigung, Bearbeitung, Verbreitung und jede Art der Verwertung au\u00dferhalb der Grenzen des Urheberrechtes bed\u00fcrfen der schriftlichen Zustimmung des jeweiligen Autors bzw. Erstellers. Downloads und Kopien dieser Seite sind nur f\u00fcr den privaten, nicht kommerziellen Gebrauch gestattet. Soweit die Inhalte auf dieser Seite nicht vom Betreiber erstellt wurden, werden die Urheberrechte Dritter beachtet. Insbesondere werden Inhalte Dritter als solche gekennzeichnet. Sollten Sie trotzdem auf eine Urheberrechtsverletzung aufmerksam werden, bitten wir um einen entsprechenden Hinweis. Bei Bekanntwerden von Rechtsverletzungen werden wir derartige Inhalte umgehend entfernen.<\/p>\n<p>&nbsp;<\/p>\n<p><strong>Datenschutzerkl\u00e4rung f\u00fcr die Nutzung von etracker<\/strong><\/p>\n<p>Unsere Webseite nutzt den Analysedienst etracker. Anbieter ist die etracker GmbH, Erste Brunnenstra\u00dfe 1 20459 Hamburg Germany.<br \/>\nAus den Daten k\u00f6nnen unter einem Pseudonym Nutzungsprofile erstellt werden. Dazu k\u00f6nnen Cookies eingesetzt werden. Bei Cookies handelt es sich um kleine Textdateien, die lokal im Zwischenspeicher Ihres Internet-Browsers gespeichert werden. Die Cookies erm\u00f6glichen es, Ihren Browser wieder zu erkennen. Die mit den etracker-Technologien erhobenen Daten werden ohne die gesondert erteilte Zustimmung des Betroffenen nicht genutzt, Besucher unserer Website pers\u00f6nlich zu identifizieren und werden nicht mit personenbezogenen Daten \u00fcber den Tr\u00e4ger des Pseudonyms zusammengef\u00fchrt.<\/p>\n<p>Der Datenerhebung und -speicherung k\u00f6nnen Sie jederzeit mit Wirkung f\u00fcr die Zukunft widersprechen. Um einer Datenerhebung und -speicherung Ihrer Besucherdaten f\u00fcr die Zukunft zu widersprechen, k\u00f6nnen Sie unter nachfolgendem Link ein Opt-Out-Cookie von etracker beziehen, dieser bewirkt, dass zuk\u00fcnftig keine Besucherdaten Ihres Browsers bei etracker erhoben und gespeichert werden:<\/p>\n<p>Dadurch wird ein Opt-Out-Cookie mit dem Namen &#8220;cntcookie&#8221; von etracker gesetzt. Bitte l\u00f6schen Sie diesen Cookie nicht, solange Sie Ihren Widerspruch aufrecht erhalten m\u00f6chten. Weitere Informationen finden Sie in den Datenschutzbestimmungen von etracker.<\/p>\n","protected":false},"excerpt":{"rendered":"<p>Angaben gem\u00e4\u00df \u00a7 5 TMG: Alphons Custodis GmbH &amp; CO. KG M\u00fcnsterstr. 359 40470 D\u00fcsseldorf Vertreten durch: vertreten durch die Kommandisten-GmbH, die ihrerseits vertreten wird durch die Gesch\u00e4ftsf\u00fchrer der GmbH Kontakt: E-Mail: info@alphons-custodis.de Quelle:\u00a0eRecht24 Haftungsausschluss (Disclaimer) Haftung f\u00fcr Inhalte Als Diensteanbieter sind wir gem\u00e4\u00df \u00a7 7 Abs.1 TMG f\u00fcr eigene Inhalte auf diesen Seiten nach<a href=\"https:\/\/alphons-custodis.de\/index.php\/impressum\/\">[&#8230;]<\/a><\/p>\n","protected":false},"author":1,"featured_media":0,"parent":0,"menu_order":0,"comment_status":"closed","ping_status":"closed","template":"","meta":[],"_links":{"self":[{"href":"https:\/\/alphons-custodis.de\/index.php\/wp-json\/wp\/v2\/pages\/37"}],"collection":[{"href":"https:\/\/alphons-custodis.de\/index.php\/wp-json\/wp\/v2\/pages"}],"about":[{"href":"https:\/\/alphons-custodis.de\/index.php\/wp-json\/wp\/v2\/types\/page"}],"author":[{"embeddable":true,"href":"https:\/\/alphons-custodis.de\/index.php\/wp-json\/wp\/v2\/users\/1"}],"replies":[{"embeddable":true,"href":"https:\/\/alphons-custodis.de\/index.php\/wp-json\/wp\/v2\/comments?post=37"}],"version-history":[{"count":3,"href":"https:\/\/alphons-custodis.de\/index.php\/wp-json\/wp\/v2\/pages\/37\/revisions"}],"predecessor-version":[{"id":41,"href":"https:\/\/alphons-custodis.de\/index.php\/wp-json\/wp\/v2\/pages\/37\/revisions\/41"}],"wp:attachment":[{"href":"https:\/\/alphons-custodis.de\/index.php\/wp-json\/wp\/v2\/media?parent=37"}],"curies":[{"name":"wp","href":"https:\/\/api.w.org\/{rel}","templated":true}]}}