{"id":26,"date":"2016-07-17T14:44:51","date_gmt":"2016-07-17T12:44:51","guid":{"rendered":"http:\/\/alphons-custodis.de\/?page_id=26"},"modified":"2017-07-16T20:53:53","modified_gmt":"2017-07-16T18:53:53","slug":"geschichte","status":"publish","type":"page","link":"https:\/\/alphons-custodis.de\/index.php\/geschichte\/","title":{"rendered":"Geschichte"},"content":{"rendered":"<p>&nbsp;<\/p>\n<p><img loading=\"lazy\" class=\"aligncenter wp-image-30 size-medium\" src=\"http:\/\/alphons-custodis.de\/wp-content\/uploads\/2016\/07\/Alphons-Custodis-Uropa-300x220.jpg\" width=\"300\" height=\"220\" srcset=\"https:\/\/alphons-custodis.de\/wp-content\/uploads\/2016\/07\/Alphons-Custodis-Uropa-300x220.jpg 300w, https:\/\/alphons-custodis.de\/wp-content\/uploads\/2016\/07\/Alphons-Custodis-Uropa.jpg 493w\" sizes=\"(max-width: 300px) 100vw, 300px\" \/><\/p>\n<p style=\"text-align: center;\">Alphons Custodis 1850-1924, der die Firma Alphons Custodis 1876 in D\u00fcsseldorf gr\u00fcndete.<\/p>\n<p>&nbsp;<\/p>\n<p>Alphons Custodis patentierte dazumal nicht nur einen trapezf\u00f6rmigen Ziegelstein, der die runden Schornsteine stabiler machte, sondern ver\u00e4nderte auch Struktur und Materialien der Ziegelsteine. Die sogenannte Porigkeit verschaffte bessere Widerstandskraft gegen Feuchtigkeit und auch Stabilit\u00e4t, sodass pro Meter H\u00f6he weniger Reihen Ziegel, weniger M\u00f6rtel und weniger Arbeit ben\u00f6tigt wurde. Alphons Custodis setzte sich au\u00dferdem schon fr\u00fch zur Ver\u00f6ffentlichung der Strukturberechnungen (sog. Berechnungstafeln) ein, was rasche Einschaltungsberechnungen f\u00fcr alle Beteiligten erm\u00f6glichte.<sup> [1]<\/sup><\/p>\n<p>Um 1900 baute die Alphons Custodis GmbH j\u00e4hrlich 180 Schornsteine und expandierte weltweit. W\u00e4hrend des ersten Weltkrieges, allerdings, wurde die USA-Division zwangs-separiert. Diese operiert noch heute als Hammon Custodis Inc. in Nordamerika.<\/p>\n<p>[1] <em>Der Schornsteinbau, <\/em>Gustav Lang, Hewingsche Verlagsbuchhandlung, 1911<\/p>\n<hr \/>\n<p style=\"text-align: center;\"><img loading=\"lazy\" class=\"wp-image-11 size-medium aligncenter\" src=\"http:\/\/alphons-custodis.de\/wp-content\/uploads\/2016\/07\/IMG_2507-225x300.jpg\" alt=\"IMG_2507\" width=\"225\" height=\"300\" srcset=\"https:\/\/alphons-custodis.de\/wp-content\/uploads\/2016\/07\/IMG_2507-225x300.jpg 225w, https:\/\/alphons-custodis.de\/wp-content\/uploads\/2016\/07\/IMG_2507-768x1024.jpg 768w\" sizes=\"(max-width: 225px) 100vw, 225px\" \/>\u00a0Foto zur Dokumentation von Peter Custodis<\/p>\n<p>Der grosse Hochofentransport geplant und durchgef\u00fchrt durch Alphons Custodis GmbH mit Hilfe der Schwertransport-Firma Mammoet 1982 bei Karlsruhe. Noch nie wurde ein Hochofen im Ganzen so verschoben.<\/p>\n<hr \/>\n<p>Mit der Weiterentwicklung der Bau- und der \u00d6l-Industrie wandelte sich der Fokus der Alphons Custodis GmbH von Schornsteinbau zu Raffinerie-Ofenbau und Reaktorauslegungen. Wichtige Entwicklungen, wie zum Beispiel das Hexrost, waren dabei \u00e4u\u00dferst wichtig, um feuerfeste und widerstandsf\u00e4hige \u00d6fen zu fertigen. Auch die zementartige Mischung Monolit ist neben Hexrost noch heute unvermeidbar, wenn es um hohe Temperaturen geht.<\/p>\n","protected":false},"excerpt":{"rendered":"<p>&nbsp; Alphons Custodis 1850-1924, der die Firma Alphons Custodis 1876 in D\u00fcsseldorf gr\u00fcndete. &nbsp; Alphons Custodis patentierte dazumal nicht nur einen trapezf\u00f6rmigen Ziegelstein, der die runden Schornsteine stabiler machte, sondern ver\u00e4nderte auch Struktur und Materialien der Ziegelsteine. Die sogenannte Porigkeit verschaffte bessere Widerstandskraft gegen Feuchtigkeit und auch Stabilit\u00e4t, sodass pro Meter H\u00f6he weniger Reihen Ziegel,<a href=\"https:\/\/alphons-custodis.de\/index.php\/geschichte\/\">[&#8230;]<\/a><\/p>\n","protected":false},"author":1,"featured_media":0,"parent":0,"menu_order":0,"comment_status":"closed","ping_status":"closed","template":"","meta":[],"_links":{"self":[{"href":"https:\/\/alphons-custodis.de\/index.php\/wp-json\/wp\/v2\/pages\/26"}],"collection":[{"href":"https:\/\/alphons-custodis.de\/index.php\/wp-json\/wp\/v2\/pages"}],"about":[{"href":"https:\/\/alphons-custodis.de\/index.php\/wp-json\/wp\/v2\/types\/page"}],"author":[{"embeddable":true,"href":"https:\/\/alphons-custodis.de\/index.php\/wp-json\/wp\/v2\/users\/1"}],"replies":[{"embeddable":true,"href":"https:\/\/alphons-custodis.de\/index.php\/wp-json\/wp\/v2\/comments?post=26"}],"version-history":[{"count":13,"href":"https:\/\/alphons-custodis.de\/index.php\/wp-json\/wp\/v2\/pages\/26\/revisions"}],"predecessor-version":[{"id":108,"href":"https:\/\/alphons-custodis.de\/index.php\/wp-json\/wp\/v2\/pages\/26\/revisions\/108"}],"wp:attachment":[{"href":"https:\/\/alphons-custodis.de\/index.php\/wp-json\/wp\/v2\/media?parent=26"}],"curies":[{"name":"wp","href":"https:\/\/api.w.org\/{rel}","templated":true}]}}