{"id":13,"date":"2016-07-08T23:43:48","date_gmt":"2016-07-08T21:43:48","guid":{"rendered":"http:\/\/alphons-custodis.de\/?page_id=13"},"modified":"2022-01-30T21:37:43","modified_gmt":"2022-01-30T20:37:43","slug":"produktes","status":"publish","type":"page","link":"https:\/\/alphons-custodis.de\/index.php\/produktes\/","title":{"rendered":"Produkte"},"content":{"rendered":"<p><img loading=\"lazy\" class=\" wp-image-49 aligncenter\" src=\"http:\/\/alphons-custodis.de\/wp-content\/uploads\/2016\/07\/IMG_5099-1024x768.jpg\" alt=\"Lagerhalle 2\" width=\"494\" height=\"371\" srcset=\"https:\/\/alphons-custodis.de\/wp-content\/uploads\/2016\/07\/IMG_5099-1024x768.jpg 1024w, https:\/\/alphons-custodis.de\/wp-content\/uploads\/2016\/07\/IMG_5099-300x225.jpg 300w, https:\/\/alphons-custodis.de\/wp-content\/uploads\/2016\/07\/IMG_5099-768x576.jpg 768w, https:\/\/alphons-custodis.de\/wp-content\/uploads\/2016\/07\/IMG_5099-285x214.jpg 285w\" sizes=\"(max-width: 494px) 100vw, 494px\" \/><\/p>\n<p style=\"text-align: center;\">Die Firma Alphons Custodis GmbH &amp; Co KG seit 1876 in D\u00fcsseldorf<\/p>\n<p style=\"text-align: center;\">Wir vertreiben feuerfeste Materialen f\u00fcr den Ofenbau.<\/p>\n<p style=\"text-align: center;\">Bei Anfragen bitte Email an: info@alphons-custodis.de<\/p>\n<hr \/>\n<h2>MONOLIT\u00ae<\/h2>\n<p>Monolit ist eine eigene Marke der Firma Custodis. Es ist eine spezielle zementartige Mischung, die besonders gut geeignet ist f\u00fcr die Isolation und Hitzebest\u00e4ndigkeit von \u00d6fen.<\/p>\n<p>Refractory concrete &#8211; special use for insulating purposes at\u00a0severe thermal duties.<\/p>\n<hr \/>\n<h2>Einsteiget\u00fcren<\/h2>\n<p>Wir verkaufen T\u00fcren nach dem AMAC System verschiedenster Art. Sowohl Explosionsschutz-T\u00fcren, als auch Einsteiget\u00fcren, sowie T\u00fcren mit Fester. Explosionsfenster, um eine sichere \u00dcberpr\u00fcfung der\u00a0\u00d6fen und Reaktoren w\u00e4hrend des Betriebes zu gew\u00e4hrleisten, werden auch separat vertrieben.<\/p>\n<p>We deliver doors for furnaces of our system AMAC as well as explosion doors, maintenance doors and peep doors.<\/p>\n<hr \/>\n<h2>HEXROST<br \/>\n<img loading=\"lazy\" class=\"wp-image-65 alignright\" src=\"http:\/\/alphons-custodis.de\/wp-content\/uploads\/2016\/07\/hexrost-lang.jpg\" alt=\"hexrost-Werbung-1\" width=\"174\" height=\"309\" srcset=\"https:\/\/alphons-custodis.de\/wp-content\/uploads\/2016\/07\/hexrost-lang.jpg 540w, https:\/\/alphons-custodis.de\/wp-content\/uploads\/2016\/07\/hexrost-lang-169x300.jpg 169w\" sizes=\"(max-width: 174px) 100vw, 174px\" \/><\/h2>\n<p>Hexrost ist ein hexagonal verwobenes Stahlger\u00fcst 1 cm hoch mit Maschen, die ca. 5 cm gross sind. Es wird f\u00fcr die Stabilisierung und Schutz gegen\u00a0mechanische Erosion und f\u00fcr mehr Hitzebest\u00e4ndigkeit in den Isolationsw\u00e4nden von \u00d6fen und petrochemischen Reaktoren verwendet.\u00a0Hexrost wird meist in die Verkleidung der W\u00e4nde mit eingearbeitet, um mehr Standhaftigkeit zu erzeugen.<\/p>\n<hr \/>\n<hr \/>\n<hr \/>\n<h2><\/h2>\n<p>Bei Anfragen bitte Email an:<br \/>\ninfo@alphons-custodis.de<\/p>\n","protected":false},"excerpt":{"rendered":"<p>Die Firma Alphons Custodis GmbH &amp; Co KG seit 1876 in D\u00fcsseldorf Wir vertreiben feuerfeste Materialen f\u00fcr den Ofenbau. Bei Anfragen bitte Email an: info@alphons-custodis.de MONOLIT\u00ae Monolit ist eine eigene Marke der Firma Custodis. Es ist eine spezielle zementartige Mischung, die besonders gut geeignet ist f\u00fcr die Isolation und Hitzebest\u00e4ndigkeit von \u00d6fen. Refractory concrete &#8211;<a href=\"https:\/\/alphons-custodis.de\/index.php\/produktes\/\">[&#8230;]<\/a><\/p>\n","protected":false},"author":1,"featured_media":0,"parent":0,"menu_order":0,"comment_status":"closed","ping_status":"closed","template":"template-fullwidth.php","meta":[],"_links":{"self":[{"href":"https:\/\/alphons-custodis.de\/index.php\/wp-json\/wp\/v2\/pages\/13"}],"collection":[{"href":"https:\/\/alphons-custodis.de\/index.php\/wp-json\/wp\/v2\/pages"}],"about":[{"href":"https:\/\/alphons-custodis.de\/index.php\/wp-json\/wp\/v2\/types\/page"}],"author":[{"embeddable":true,"href":"https:\/\/alphons-custodis.de\/index.php\/wp-json\/wp\/v2\/users\/1"}],"replies":[{"embeddable":true,"href":"https:\/\/alphons-custodis.de\/index.php\/wp-json\/wp\/v2\/comments?post=13"}],"version-history":[{"count":24,"href":"https:\/\/alphons-custodis.de\/index.php\/wp-json\/wp\/v2\/pages\/13\/revisions"}],"predecessor-version":[{"id":128,"href":"https:\/\/alphons-custodis.de\/index.php\/wp-json\/wp\/v2\/pages\/13\/revisions\/128"}],"wp:attachment":[{"href":"https:\/\/alphons-custodis.de\/index.php\/wp-json\/wp\/v2\/media?parent=13"}],"curies":[{"name":"wp","href":"https:\/\/api.w.org\/{rel}","templated":true}]}}